{"id":3278,"date":"2023-06-20T10:05:47","date_gmt":"2023-06-20T08:05:47","guid":{"rendered":"https:\/\/napredek.si\/en\/?page_id=3278"},"modified":"2023-08-07T11:02:12","modified_gmt":"2023-08-07T09:02:12","slug":"about","status":"publish","type":"page","link":"https:\/\/napredek.si\/en\/about\/","title":{"rendered":"About"},"content":{"rendered":"<div class=\"wpb-content-wrapper\"><p>[vc_row full_width=&#8221;stretch_row_content_no_spaces&#8221; el_class=&#8221;home-banner-slider&#8221; conditional_render=&#8221;%5B%7B%22value_role%22%3A%22administrator%22%7D%5D&#8221; css=&#8221;.vc_custom_1686130199963{margin-bottom: 35px !important;}&#8221;][vc_column offset=&#8221;vc_hidden-xl vc_hidden-lg vc_hidden-md vc_hidden-sm&#8221; conditional_render=&#8221;%5B%7B%22value_role%22%3A%22administrator%22%7D%5D&#8221;]<div class=\"porto-carousel owl-carousel has-ccols ccols-1 mb-5 wpb_custom_c86c2fb53cae9eced42d4b8900a042f3\" data-plugin-options=\"{&quot;themeConfig&quot;:true,&quot;stagePadding&quot;:0,&quot;margin&quot;:0,&quot;autoplay&quot;:false,&quot;mouseDrag&quot;:true,&quot;touchDrag&quot;:true,&quot;autoplayTimeout&quot;:5000,&quot;autoplayHoverPause&quot;:false,&quot;items&quot;:1,&quot;xl&quot;:1,&quot;lg&quot;:1,&quot;md&quot;:1,&quot;sm&quot;:1,&quot;xs&quot;:1,&quot;nav&quot;:false,&quot;dots&quot;:false,&quot;animateIn&quot;:&quot;&quot;,&quot;animateOut&quot;:&quot;&quot;,&quot;loop&quot;:false,&quot;center&quot;:false,&quot;video&quot;:false,&quot;lazyLoad&quot;:false,&quot;fullscreen&quot;:false}\"><div id=\"interactive-banner-wrap-t5d2\" class=\"porto-ibanner mb-0\" style=\"background:#ffffff;min-height:400px;\"><img loading=\"lazy\" decoding=\"async\" alt=\"\" width=\"1400\" height=\"1036\" class=\"porto-ibanner-img\" src=\"https:\/\/napredek.si\/en\/wp-content\/uploads\/2023\/06\/Audi_uporabimouporabljeno_Foto_AnzeVrabl-6.jpg\" srcset=\"https:\/\/napredek.si\/en\/wp-content\/uploads\/2023\/06\/Audi_uporabimouporabljeno_Foto_AnzeVrabl-6.jpg 1400w, https:\/\/napredek.si\/en\/wp-content\/uploads\/2023\/06\/Audi_uporabimouporabljeno_Foto_AnzeVrabl-6-1024x758.jpg 1024w, https:\/\/napredek.si\/en\/wp-content\/uploads\/2023\/06\/Audi_uporabimouporabljeno_Foto_AnzeVrabl-6-768x568.jpg 768w, https:\/\/napredek.si\/en\/wp-content\/uploads\/2023\/06\/Audi_uporabimouporabljeno_Foto_AnzeVrabl-6-640x474.jpg 640w, https:\/\/napredek.si\/en\/wp-content\/uploads\/2023\/06\/Audi_uporabimouporabljeno_Foto_AnzeVrabl-6-1300x962.jpg 1300w\" sizes=\"auto, (max-width: 1400px) 100vw, 1400px\"><div class=\"porto-ibanner-desc no-padding d-flex\"><div class=\"porto-ibanner-layer wpb_custom_2c5109c031829f9c54153ed0e6239ff6 banner-pos-fc21558d2e3c10c7960bd8634d7cdc28\"><div data-appear-animation=\"fadeInRight\" data-appear-animation-delay=\"300\"><style>.banner-pos-fc21558d2e3c10c7960bd8634d7cdc28 {left:11.5%;right: unset;top: 50%;bottom: unset;transform: translateY(-50%);}<\/style><\/div><\/div><\/div><\/div><\/div>[\/vc_column][\/vc_row][vc_row full_width=&#8221;stretch_row_content_no_spaces&#8221; el_class=&#8221;home-banner-slider&#8221; conditional_render=&#8221;%5B%7B%22value_role%22%3A%22administrator%22%7D%5D&#8221; css=&#8221;.vc_custom_1686130199963{margin-bottom: 35px !important;}&#8221;][vc_column offset=&#8221;vc_hidden-xs&#8221; conditional_render=&#8221;%5B%7B%22value_role%22%3A%22administrator%22%7D%5D&#8221;]<div class=\"porto-carousel owl-carousel has-ccols ccols-1 mb-5 wpb_custom_c86c2fb53cae9eced42d4b8900a042f3\" data-plugin-options=\"{&quot;themeConfig&quot;:true,&quot;stagePadding&quot;:0,&quot;margin&quot;:0,&quot;autoplay&quot;:false,&quot;mouseDrag&quot;:true,&quot;touchDrag&quot;:true,&quot;autoplayTimeout&quot;:5000,&quot;autoplayHoverPause&quot;:false,&quot;items&quot;:1,&quot;xl&quot;:1,&quot;lg&quot;:1,&quot;md&quot;:1,&quot;sm&quot;:1,&quot;xs&quot;:1,&quot;nav&quot;:false,&quot;dots&quot;:false,&quot;animateIn&quot;:&quot;&quot;,&quot;animateOut&quot;:&quot;&quot;,&quot;loop&quot;:false,&quot;center&quot;:false,&quot;video&quot;:false,&quot;lazyLoad&quot;:false,&quot;fullscreen&quot;:false}\"><div id=\"interactive-banner-wrap-4yxj\" class=\"porto-ibanner mb-0\" style=\"background:#ffffff;min-height:400px;\"><img loading=\"lazy\" decoding=\"async\" alt=\"\" width=\"1920\" height=\"602\" class=\"porto-ibanner-img\" src=\"https:\/\/napredek.si\/en\/wp-content\/uploads\/2023\/05\/oprojektu.jpeg\" srcset=\"https:\/\/napredek.si\/en\/wp-content\/uploads\/2023\/05\/oprojektu.jpeg 1920w, https:\/\/napredek.si\/en\/wp-content\/uploads\/2023\/05\/oprojektu-1536x482.jpeg 1536w, https:\/\/napredek.si\/en\/wp-content\/uploads\/2023\/05\/oprojektu-1300x408.jpeg 1300w\" sizes=\"auto, (max-width: 1920px) 100vw, 1920px\"><div class=\"porto-ibanner-desc no-padding d-flex\"><div class=\"porto-ibanner-layer wpb_custom_2c5109c031829f9c54153ed0e6239ff6 banner-pos-fc21558d2e3c10c7960bd8634d7cdc28\"><div data-appear-animation=\"fadeInRight\" data-appear-animation-delay=\"300\"><style>.banner-pos-fc21558d2e3c10c7960bd8634d7cdc28 {left:11.5%;right: unset;top: 50%;bottom: unset;transform: translateY(-50%);}<\/style><\/div><\/div><\/div><\/div><\/div>[\/vc_column][\/vc_row][vc_row disable_element=&#8221;yes&#8221; css=&#8221;.vc_custom_1685612397342{margin-top: 30px !important;}&#8221; conditional_render=&#8221;%5B%7B%22value_role%22%3A%22administrator%22%7D%5D&#8221;][vc_column][vc_column_text]<img loading=\"lazy\" decoding=\"async\" class=\"alignright wp-image-2988\" style=\"padding-bottom: 15px;\" src=\"https:\/\/napredek.si\/en\/wp-content\/uploads\/2023\/05\/oprojektu_1.jpeg\" alt=\"\" width=\"450\" height=\"290\" \/>Kot dolgoletna partnerica FIS svetovnega pokala v alpskem smu\u010danju znamka Audi sodelovanje v smu\u010darskem spektaklu predstavlja z oglasnimi transparenti. V tem \u010dasu se je celostna podoba znamke nekajkrat zamenjala. \u0160koda bi bilo, da bi odslu\u017eeni transparenti kon\u010dali na odlagali\u0161\u010du in obremenjevali okolje, saj so v osnovi narejeni iz kakovostnega materiala. Lahko ga ponovno uporabimo in ustvarimo nov izdelek, ki vrednote znamke prena\u0161a naprej.<\/p>\n<p><img loading=\"lazy\" decoding=\"async\" class=\"wp-image-2989 alignleft\" src=\"https:\/\/napredek.si\/en\/wp-content\/uploads\/2023\/05\/oprojektu_2.jpeg\" alt=\"\" width=\"450\" height=\"290\" \/>V sodelovanju s presti\u017enim unikatnim oblikovalcem Mariem Herzogom se odslu\u017eeni oglasni transparenti preoblikujejo v prvovrstno materialno osnovo za izdelavo potovalnih torb. Pod spretnimi rokodelskimi rokami v \u010devljarski delavnici studia M. H. Atelier, zgrajeni na trajnosten na\u010din iz tradicionalnih materialov, nastaja omejena kolekcija petdesetih unikatnih torb. Vsaka izmed njih je posebna in v svoji oblikovalski formi in videzu enkratna, elegantna s potiski logotipov Audi, kar ji daje dostojanstvo obeh znamk, ki prisegata na tradicijo, kakovost in inovativnost. Poleg ponovne uporabe transparentov se za dopolnitev uporabljajo tudi razli\u010dni vrhunski podlo\u017eni materiali, ki so ostanki ve\u010djih serij iz tovarn, ter kakovostni ostanki usnja, ki so se nabrali v delavnici.<\/p>\n<h3>Dra\u017eba potovalnih torb iz oglasnih transparentov<\/h3>\n<p>Prvih enajst unikatnih potovalnih torb Audi iz oglasnih transparentov bo namenjenih za prodajo na dra\u017ebi, preostalih devetintrideset torb prve serije pa bo kmalu na voljo za nakup v spletni trgovini. Izkupi\u010dek prodaje bo namenjen Zavodu YouSea, katerega poslanstvo je ohranjanje biotske raznovrstnosti v Piranskem zalivu. Tako bo zaklju\u010den celoten krog trajnostne rabe materialov: zmanj\u0161ati \u0161tevilo odpadnega materiala, jih ponovno uporabiti v novih izdelkih in poiskati na\u010dine, kako z njimi prina\u0161ati pozitiven vpliv na okolje.<\/p>\n<h3>Morska oaza za ohranjanje biotske raznovrstnosti<\/h3>\n<p>S prispevki od prodaje bomo namensko podprli postavitev morske oaze, ki jo bo Zavod YouSea postavil v Piranskem zalivu in bo predstavljala zato\u010di\u0161\u010de morskim \u017eivalim in rastlinam. Delovala bo podobno kot naravni podvodni grebeni. Gre za pilotski projekt, s katerim \u017eelijo sodelavci zavoda skupaj z zunanjimi ustanovami raziskati njene multiplikativne pozitivne u\u010dinke na okolje. Odkrivali bodo na\u010dine, kako bi lahko prispevali k bolj trajnostnemu na\u010dinu pridelave hrane v prihodnosti. Raziskovali pa bodo tudi delovanje takih struktur pri odvajanju ogljikovega dioksida iz morja in njihovo \u010distilno sposobnost. Na degradiranih obmo\u010djih bi tako lahko pove\u010dali samo\u010distilno sposobnost morja, izbolj\u0161ali njegovo kakovost in obnavljanje.[\/vc_column_text][\/vc_column][\/vc_row][vc_row css=&#8221;.vc_custom_1685630605528{margin-top: 60px !important;}&#8221; conditional_render=&#8221;%5B%7B%22value_role%22%3A%22administrator%22%7D%5D&#8221;][vc_column][vc_column_text]<\/p>\n<h3>Once a part of the winter spectacles &#8230;<\/h3>\n<p><img loading=\"lazy\" decoding=\"async\" class=\"size-medium wp-image-2989 alignright\" src=\"https:\/\/napredek.si\/en\/wp-content\/uploads\/2023\/05\/oprojektu_2.jpeg\" alt=\"\" width=\"460\" height=\"296\" \/>As a long-standing partner of the FIS Alpine Ski World Cup, Audi demonstrates its participation in the skiing spectacle with banners. Over the years, the overall brand image has changed several times. It would be a shame if used banners ended up in a landfill and polluted the environment, since they are basically made of high quality material. The material can be reused to create a new product that carries forward the values of the brand.<\/p>\n<h3>A marine oasis for biodiversity conservation<\/h3>\n<p>The proceeds from the sale will go towards financing YouSea&#8217;s construction of a marine oasis, a sanctuary for marine animals and plants, in the Piran Bay. It will function similarly to natural underwater reefs. With this pilot project, the institute, together with external institutions, aims to research the structure\u2019s multiplicative positive effects on the environment. The project will explore ways in which it could contribute to a more sustainable way of producing food in the future. It will also study how such structures remove carbon dioxide from the sea and how they clean it up. In degraded areas, this could increase the self-cleaning capacity of the sea, improving its quality and regeneration.<br \/>\nWe encourage you to join us and follow us as we closely follow the evolution of life in the marine oasis.[\/vc_column_text][vc_btn title=&#8221;Read more&#8221; style=&#8221;outline&#8221; shape=&#8221;square&#8221; color=&#8221;black&#8221; size=&#8221;xl&#8221; align=&#8221;center&#8221; link=&#8221;url:https%3A%2F%2Fnapredek.audi.si%2Fnever_refuse_to_reuse|target:_blank&#8221; css=&#8221;.vc_custom_1691398890993{margin-top: 20px !important;}&#8221;][\/vc_column][\/vc_row][vc_row css=&#8221;.vc_custom_1686049581234{margin-top: 35px !important;}&#8221; conditional_render=&#8221;%5B%7B%22value_role%22%3A%22administrator%22%7D%5D&#8221;][vc_column]<div id=\"porto-carousel-130154852669e4eff4b9aac\" class=\"porto-carousel-wrapper\" data-gutter=\"15\" data-rtl=\"false\" ><div class=\"porto-ultimate-carousel porto-carousel-107529602269e4eff4b9a46 \" >[vc_single_image image=&#8221;3059&#8243; img_size=&#8221;full&#8221;][vc_single_image image=&#8221;3062&#8243; img_size=&#8221;full&#8221;][vc_single_image image=&#8221;3061&#8243; img_size=&#8221;full&#8221;][vc_single_image image=&#8221;3060&#8243; img_size=&#8221;full&#8221;][vc_single_image image=&#8221;3065&#8243; img_size=&#8221;full&#8221;][vc_single_image image=&#8221;3064&#8243; img_size=&#8221;full&#8221;][vc_single_image image=&#8221;3063&#8243; img_size=&#8221;full&#8221;][vc_single_image image=&#8221;3057&#8243; img_size=&#8221;full&#8221;][vc_single_image image=&#8221;3058&#8243; img_size=&#8221;full&#8221;]<\/div><\/div><script>\r\n\t(function(){\r\n\t\tvar porto_inc_slick_js = function() {\r\n\t\t\t( function( $ ) {\r\n\t\t\t\tif ( $.fn.slick ) {\r\n\t\t\t\t\t$('.porto-carousel-107529602269e4eff4b9a46').slick({dots: false,autoplay: true,autoplaySpeed: 5000,speed: 300,infinite: true,arrows: true,nextArrow: '<button type=\"button\" role=\"button\" aria-label=\"Next\" style=\"color:#ffffff; font-size:20px;background:#080808;\" class=\"slick-next square-bg\"><i class=\"fas fa-chevron-right\"><\/i><\/button>',prevArrow: '<button type=\"button\" role=\"button\" aria-label=\"Previous\" style=\"color:#ffffff; font-size:20px;background:#080808;\" class=\"slick-prev square-bg\"><i class=\"fas fa-chevron-left\"><\/i><\/button>',slidesToScroll:2,slidesToShow:2,swipe: true,draggable: true,touchMove: true,pauseOnHover: true,responsive: [\r\n\t\t\t\t{\r\n\t\t\t\t  breakpoint: 1025,\r\n\t\t\t\t  settings: {\r\n\t\t\t\t\tslidesToShow: 2,\r\n\t\t\t\t\tslidesToScroll: 2,  \r\n\t\t\t\t  }\r\n\t\t\t\t},\r\n\t\t\t\t{\r\n\t\t\t\t  breakpoint: 769,\r\n\t\t\t\t  settings: {\r\n\t\t\t\t\tslidesToShow: 2,\r\n\t\t\t\t\tslidesToScroll: 2\r\n\t\t\t\t  }\r\n\t\t\t\t},\r\n\t\t\t\t{\r\n\t\t\t\t  breakpoint: 481,\r\n\t\t\t\t  settings: {\r\n\t\t\t\t\tslidesToShow: 2,\r\n\t\t\t\t\tslidesToScroll: 2\r\n\t\t\t\t  }\r\n\t\t\t\t}\r\n\t\t\t],pauseOnDotsHover: true,customPaging: function(slider, i) {\r\n\t   return '<i type=\"button\" style=\"color:#333333;\" class=\"far fa-circle\" data-role=\"none\"><\/i>';\r\n\t},});\r\n\t\t\t\t} else {\r\n\t\t\t\t\t\t\t\t}\r\n\t\t\t} )( jQuery );\r\n\t\t};\r\n\r\n\t\tif ( window.theme && theme.isLoaded ) {\r\n\t\t\tporto_inc_slick_js();\r\n\t\t} else {\r\n\t\t\twindow.addEventListener( 'load', porto_inc_slick_js );\r\n\t\t}\r\n\t})();\r\n<\/script>\r\n[\/vc_column][\/vc_row][vc_row equal_height=&#8221;yes&#8221; conditional_render=&#8221;%5B%7B%22value_role%22%3A%22administrator%22%7D%5D&#8221; css=&#8221;.vc_custom_1686050250183{margin-top: 30px !important;}&#8221;][vc_column width=&#8221;1\/3&#8243;][vc_custom_heading text=&#8221;Progress ensures we\u2019re heading in the right direction&#8221; font_container=&#8221;tag:h4|font_size:1.2em|text_align:left&#8221; google_fonts=&#8221;font_family:Auditype_extendedbold%3Aregular&#8221;][vc_single_image image=&#8221;2929&#8243; img_size=&#8221;full&#8221; onclick=&#8221;custom_link&#8221; img_link_target=&#8221;_blank&#8221; link=&#8221;https:\/\/napredek.audi.si\/napredek-zagotavlja-voznjo-v-pravo-smer&#8221;][vc_column_text css=&#8221;.vc_custom_1687248610196{margin-top: 20px !important;}&#8221;]Today, Audi is being transformed by the quest to reduce environmental impact. Audi is a pioneer in bringing sustainable innovations to serial production, and as employees, we have embraced the brand&#8217;s sustainable values. According to Franci Bolta, CEO of the Audi brand in Slovenia, this is how the Audi Slovenia team came up with the idea for the project &#8220;Uporabimo uporabljeno&#8221; (Never Refuse to Reuse), which demonstrates the brand&#8217;s drive in the right direction.[\/vc_column_text][vc_empty_space height=&#8221;25px&#8221;][vc_btn title=&#8221;Read more&#8221; style=&#8221;outline&#8221; shape=&#8221;square&#8221; color=&#8221;black&#8221; size=&#8221;xl&#8221; link=&#8221;url:https%3A%2F%2Fnapredek.audi.si%2Fprogress-ensures-were-heading-in-the-right-direction|target:_blank&#8221; css=&#8221;.vc_custom_1691398793549{margin-top: 20px !important;}&#8221;][\/vc_column][vc_column width=&#8221;1\/3&#8243;][vc_custom_heading text=&#8221;Progress is not always linear&#8221; font_container=&#8221;tag:h4|font_size:1.2em|text_align:left&#8221; google_fonts=&#8221;font_family:Auditype_extendedbold%3Aregular&#8221;][vc_single_image image=&#8221;2930&#8243; img_size=&#8221;full&#8221; onclick=&#8221;custom_link&#8221; img_link_target=&#8221;_blank&#8221; link=&#8221;https:\/\/napredek.audi.si\/napredek-ni-vedno-linearen&#8221;][vc_column_text css=&#8221;.vc_custom_1687248959884{margin-top: 20px !important;}&#8221;]Irena Fonda has always had a close relationship with the sea. Thirty years ago, her father had the idea of a marine oasis, a concrete underwater structure that would serve as a sanctuary for marine animals. Now, partly due to the changed situation in Europe, she and her brother Leon Fonda have decided to revive the original idea, improve it and launch a pilot project with the YouSea Institute to create a marine oasis dedicated to research and raising awareness about the importance of sustainability, new ways of obtaining food from the sea, and preserving biodiversity.[\/vc_column_text][vc_btn title=&#8221;Read more&#8221; style=&#8221;outline&#8221; shape=&#8221;square&#8221; color=&#8221;black&#8221; size=&#8221;xl&#8221; link=&#8221;url:https%3A%2F%2Fnapredek.audi.si%2Fprogress-is-not-always-linear|target:_blank&#8221; css=&#8221;.vc_custom_1691398816084{margin-top: 20px !important;}&#8221;][\/vc_column][vc_column width=&#8221;1\/3&#8243;][vc_custom_heading text=&#8221;Progress equals responsibility&#8221; font_container=&#8221;tag:h4|font_size:1.2em|text_align:left&#8221; google_fonts=&#8221;font_family:Auditype_extendedbold%3Aregular&#8221;][vc_single_image image=&#8221;2931&#8243; img_size=&#8221;full&#8221; onclick=&#8221;custom_link&#8221; img_link_target=&#8221;_blank&#8221; link=&#8221;https:\/\/napredek.audi.si\/napredek-je-odgovornost&#8221;][vc_column_text css=&#8221;.vc_custom_1687248814699{margin-top: 20px !important;}&#8221;]Progress is not merely inventing something new. Mario Herzog, designer and maker of high-end shoes, believes that progress is the search for better ways of revitalizing what has already been invented in an original way, so that it can have a positive impact on the world in a new guise. This is how the designer revives and builds on the tradition of shoe craftsmanship, breathing new life into discarded Audi advertising banners and transforming them into sophisticated bags as part of the \u201cUporabimo uporabljeno\u201d (Never Refuse to Reuse) project.[\/vc_column_text][vc_empty_space height=&#8221;24px&#8221;][vc_btn title=&#8221;Read more&#8221; style=&#8221;outline&#8221; shape=&#8221;square&#8221; color=&#8221;black&#8221; size=&#8221;xl&#8221; link=&#8221;url:https%3A%2F%2Fnapredek.audi.si%2Fprogress-equals-responsibility|target:_blank&#8221; css=&#8221;.vc_custom_1691398837121{margin-top: 20px !important;}&#8221;][\/vc_column][\/vc_row][vc_row full_width=&#8221;stretch_row_content_no_spaces&#8221; css=&#8221;.vc_custom_1686050494989{margin-top: 60px !important;margin-bottom: -35px !important;}&#8221; conditional_render=&#8221;%5B%7B%22value_role%22%3A%22administrator%22%7D%5D&#8221;][vc_column][vc_video link=&#8221;https:\/\/www.youtube.com\/watch?v=etCb2nWhYF4&#8243;][\/vc_column][\/vc_row]<\/p>\n<\/div>","protected":false},"excerpt":{"rendered":"<p>[vc_row full_width=&#8221;stretch_row_content_no_spaces&#8221; el_class=&#8221;home-banner-slider&#8221; conditional_render=&#8221;%5B%7B%22value_role%22%3A%22administrator%22%7D%5D&#8221; css=&#8221;.vc_custom_1686130199963{margin-bottom: 35px !important;}&#8221;][vc_column offset=&#8221;vc_hidden-xl vc_hidden-lg vc_hidden-md vc_hidden-sm&#8221; conditional_render=&#8221;%5B%7B%22value_role%22%3A%22administrator%22%7D%5D&#8221;][\/vc_column][\/vc_row][vc_row full_width=&#8221;stretch_row_content_no_spaces&#8221; el_class=&#8221;home-banner-slider&#8221; conditional_render=&#8221;%5B%7B%22value_role%22%3A%22administrator%22%7D%5D&#8221; css=&#8221;.vc_custom_1686130199963{margin-bottom: 35px !important;}&#8221;][vc_column offset=&#8221;vc_hidden-xs&#8221; conditional_render=&#8221;%5B%7B%22value_role%22%3A%22administrator%22%7D%5D&#8221;][\/vc_column][\/vc_row][vc_row disable_element=&#8221;yes&#8221; css=&#8221;.vc_custom_1685612397342{margin-top: 30px !important;}&#8221; conditional_render=&#8221;%5B%7B%22value_role%22%3A%22administrator%22%7D%5D&#8221;][vc_column][vc_column_text]Kot dolgoletna partnerica FIS svetovnega pokala v alpskem smu\u010danju znamka Audi sodelovanje v smu\u010darskem spektaklu predstavlja z oglasnimi transparenti. V tem \u010dasu se je celostna podoba znamke nekajkrat zamenjala. \u0160koda bi [&hellip;]<\/p>\n","protected":false},"author":1,"featured_media":0,"parent":0,"menu_order":0,"comment_status":"closed","ping_status":"closed","template":"","meta":{"inline_featured_image":false,"footnotes":""},"class_list":["post-3278","page","type-page","status-publish","hentry"],"_links":{"self":[{"href":"https:\/\/napredek.si\/en\/wp-json\/wp\/v2\/pages\/3278","targetHints":{"allow":["GET"]}}],"collection":[{"href":"https:\/\/napredek.si\/en\/wp-json\/wp\/v2\/pages"}],"about":[{"href":"https:\/\/napredek.si\/en\/wp-json\/wp\/v2\/types\/page"}],"author":[{"embeddable":true,"href":"https:\/\/napredek.si\/en\/wp-json\/wp\/v2\/users\/1"}],"replies":[{"embeddable":true,"href":"https:\/\/napredek.si\/en\/wp-json\/wp\/v2\/comments?post=3278"}],"version-history":[{"count":6,"href":"https:\/\/napredek.si\/en\/wp-json\/wp\/v2\/pages\/3278\/revisions"}],"predecessor-version":[{"id":3439,"href":"https:\/\/napredek.si\/en\/wp-json\/wp\/v2\/pages\/3278\/revisions\/3439"}],"wp:attachment":[{"href":"https:\/\/napredek.si\/en\/wp-json\/wp\/v2\/media?parent=3278"}],"curies":[{"name":"wp","href":"https:\/\/api.w.org\/{rel}","templated":true}]}}